{"id":26509,"date":"2024-03-13T08:52:49","date_gmt":"2024-03-13T07:52:49","guid":{"rendered":"https:\/\/tunibot.com\/?page_id=26509"},"modified":"2025-01-09T13:41:55","modified_gmt":"2025-01-09T12:41:55","slug":"machine-sur-mesure","status":"publish","type":"page","link":"https:\/\/tunibot.com\/en\/machine-sur-mesure\/","title":{"rendered":"Custom machine"},"content":{"rendered":"<div data-elementor-type=\"wp-page\" data-elementor-id=\"26509\" class=\"elementor elementor-26509\" data-elementor-post-type=\"page\">\n\t\t\t\t<div class=\"elementor-element elementor-element-9539409 e-flex e-con-boxed e-con e-parent\" data-id=\"9539409\" data-element_type=\"container\" data-e-type=\"container\" data-settings=\"{&quot;background_background&quot;:&quot;classic&quot;}\">\n\t\t\t\t\t<div class=\"e-con-inner\">\n\t\t\t\t<div class=\"elementor-element elementor-element-b43ff78 animated-fast elementor-invisible elementor-widget elementor-widget-heading\" data-id=\"b43ff78\" data-element_type=\"widget\" data-e-type=\"widget\" data-settings=\"{&quot;_animation&quot;:&quot;fadeInUp&quot;,&quot;_animation_delay&quot;:1}\" data-widget_type=\"heading.default\">\n\t\t\t\t\t<h2 class=\"elementor-heading-title elementor-size-default\">Customized Excellence<\/h2>\t\t\t\t<\/div>\n\t\t\t\t<div class=\"elementor-element elementor-element-e761085 animated-fast elementor-invisible elementor-widget elementor-widget-heading\" data-id=\"e761085\" data-element_type=\"widget\" data-e-type=\"widget\" data-settings=\"{&quot;_animation&quot;:&quot;fadeInUp&quot;,&quot;_animation_delay&quot;:5}\" data-widget_type=\"heading.default\">\n\t\t\t\t\t<h3 class=\"elementor-heading-title elementor-size-default\">Solutions Tailored to Your Operational Excellence<\/h3>\t\t\t\t<\/div>\n\t\t\t\t<div class=\"elementor-element elementor-element-a32c94d elementor-widget elementor-widget-text-editor\" data-id=\"a32c94d\" data-element_type=\"widget\" data-e-type=\"widget\" data-widget_type=\"text-editor.default\">\n\t\t\t\t\t\t\t\t\t<p>Optimize your production with our custom machines, designed to exceed your expectations. <br \/>et propulser votre entreprise vers le succ\u00e8s<\/p>\t\t\t\t\t\t\t\t<\/div>\n\t\t\t\t<div class=\"elementor-element elementor-element-f1a4fe2 elementor-widget elementor-widget-cpt\" data-id=\"f1a4fe2\" data-element_type=\"widget\" data-e-type=\"widget\" data-widget_type=\"cpt.default\">\n\t\t\t\t<div class=\"elementor-widget-container\">\n\t\t\t\t\t<style>{{WRAPPER}} h4.elementor-heading-title { color: #000000; }<\/style>        <div class=\"style-4\">    \t<div class=\"study-section\">\r\n\t\t\t\t<\/div>\r\n\t\t<\/div>\r\n        \t\t\t\t<\/div>\n\t\t\t\t<\/div>\n\t\t\t\t\t<\/div>\n\t\t\t\t<\/div>\n\t\t\t\t<\/div>","protected":false},"excerpt":{"rendered":"<p>Excellence Personnalis\u00e9e Solutions Adapt\u00e9es \u00e0 Votre Excellence Op\u00e9rationnelle Optimisez votre production avec nos machines sur mesure, con\u00e7ues pour surpasser vos attentes et propulser votre entreprise vers le succ\u00e8s Adaptabilit\u00e9 optimale Machines con\u00e7ues pour s&rsquo;int\u00e9grer parfaitement, optimisant l&rsquo;espace disponible et facilitant l&rsquo;installation. S\u00e9curit\u00e9 renforc\u00e9e Int\u00e9gration de fonctionnalit\u00e9s de s\u00e9curit\u00e9 suppl\u00e9mentaires pour prot\u00e9ger les op\u00e9rateurs et minimiser\u2026 [&hellip;]<\/p>","protected":false},"author":38,"featured_media":13272,"parent":0,"menu_order":0,"comment_status":"closed","ping_status":"open","template":"elementor_header_footer","meta":{"footnotes":""},"class_list":["post-26509","page","type-page","status-publish","has-post-thumbnail","hentry"],"yoast_head":"<!-- This site is optimized with the Yoast SEO Premium plugin v24.7 (Yoast SEO v27.4) - https:\/\/yoast.com\/product\/yoast-seo-premium-wordpress\/ -->\n<title>Machine Sur Mesure | Tunibot<\/title>\n<meta name=\"robots\" content=\"index, follow, max-snippet:-1, max-image-preview:large, max-video-preview:-1\" \/>\n<link rel=\"canonical\" href=\"https:\/\/tunibot.com\/en\/machine-sur-mesure\/\" \/>\n<meta property=\"og:locale\" content=\"en_US\" \/>\n<meta property=\"og:type\" content=\"article\" \/>\n<meta property=\"og:title\" content=\"Machine Sur Mesure\" \/>\n<meta property=\"og:description\" content=\"Excellence Personnalis\u00e9e Solutions Adapt\u00e9es \u00e0 Votre Excellence Op\u00e9rationnelle Optimisez votre production avec nos machines sur mesure, con\u00e7ues pour surpasser vos attentes et propulser votre entreprise vers le succ\u00e8s Adaptabilit\u00e9 optimale Machines con\u00e7ues pour s&rsquo;int\u00e9grer parfaitement, optimisant l&rsquo;espace disponible et facilitant l&rsquo;installation. S\u00e9curit\u00e9 renforc\u00e9e Int\u00e9gration de fonctionnalit\u00e9s de s\u00e9curit\u00e9 suppl\u00e9mentaires pour prot\u00e9ger les op\u00e9rateurs et minimiser\u2026 [&hellip;]\" \/>\n<meta property=\"og:url\" content=\"https:\/\/tunibot.com\/en\/machine-sur-mesure\/\" \/>\n<meta property=\"og:site_name\" content=\"Tunibot\" \/>\n<meta property=\"article:publisher\" content=\"https:\/\/www.facebook.com\/1tunibot\" \/>\n<meta property=\"article:modified_time\" content=\"2025-01-09T12:41:55+00:00\" \/>\n<meta property=\"og:image\" content=\"https:\/\/tunibot.com\/wp-content\/uploads\/2023\/08\/home-banner-bg-image.jpg\" \/>\n\t<meta property=\"og:image:width\" content=\"1600\" \/>\n\t<meta property=\"og:image:height\" content=\"794\" \/>\n\t<meta property=\"og:image:type\" content=\"image\/jpeg\" \/>\n<meta name=\"twitter:card\" content=\"summary_large_image\" \/>\n<meta name=\"twitter:label1\" content=\"Est. reading time\" \/>\n\t<meta name=\"twitter:data1\" content=\"2 minutes\" \/>\n<script type=\"application\/ld+json\" class=\"yoast-schema-graph\">{\"@context\":\"https:\\\/\\\/schema.org\",\"@graph\":[{\"@type\":\"WebPage\",\"@id\":\"https:\\\/\\\/tunibot.com\\\/machine-sur-mesure\\\/\",\"url\":\"https:\\\/\\\/tunibot.com\\\/machine-sur-mesure\\\/\",\"name\":\"Machine Sur Mesure | Tunibot\",\"isPartOf\":{\"@id\":\"https:\\\/\\\/tunibot.com\\\/#website\"},\"primaryImageOfPage\":{\"@id\":\"https:\\\/\\\/tunibot.com\\\/machine-sur-mesure\\\/#primaryimage\"},\"image\":{\"@id\":\"https:\\\/\\\/tunibot.com\\\/machine-sur-mesure\\\/#primaryimage\"},\"thumbnailUrl\":\"https:\\\/\\\/tunibot.com\\\/wp-content\\\/uploads\\\/2023\\\/08\\\/home-banner-bg-image.jpg\",\"datePublished\":\"2024-03-13T07:52:49+00:00\",\"dateModified\":\"2025-01-09T12:41:55+00:00\",\"breadcrumb\":{\"@id\":\"https:\\\/\\\/tunibot.com\\\/machine-sur-mesure\\\/#breadcrumb\"},\"inLanguage\":\"en-US\",\"potentialAction\":[{\"@type\":\"ReadAction\",\"target\":[\"https:\\\/\\\/tunibot.com\\\/machine-sur-mesure\\\/\"]}]},{\"@type\":\"ImageObject\",\"inLanguage\":\"en-US\",\"@id\":\"https:\\\/\\\/tunibot.com\\\/machine-sur-mesure\\\/#primaryimage\",\"url\":\"https:\\\/\\\/tunibot.com\\\/wp-content\\\/uploads\\\/2023\\\/08\\\/home-banner-bg-image.jpg\",\"contentUrl\":\"https:\\\/\\\/tunibot.com\\\/wp-content\\\/uploads\\\/2023\\\/08\\\/home-banner-bg-image.jpg\",\"width\":1600,\"height\":794},{\"@type\":\"BreadcrumbList\",\"@id\":\"https:\\\/\\\/tunibot.com\\\/machine-sur-mesure\\\/#breadcrumb\",\"itemListElement\":[{\"@type\":\"ListItem\",\"position\":1,\"name\":\"Home\",\"item\":\"https:\\\/\\\/tunibot.com\\\/\"},{\"@type\":\"ListItem\",\"position\":2,\"name\":\"Machine Sur Mesure\"}]},{\"@type\":\"WebSite\",\"@id\":\"https:\\\/\\\/tunibot.com\\\/#website\",\"url\":\"https:\\\/\\\/tunibot.com\\\/\",\"name\":\"Tunibot\",\"description\":\"Industrial Tunisian Robots\",\"publisher\":{\"@id\":\"https:\\\/\\\/tunibot.com\\\/#organization\"},\"alternateName\":\"Tunibot\",\"potentialAction\":[{\"@type\":\"SearchAction\",\"target\":{\"@type\":\"EntryPoint\",\"urlTemplate\":\"https:\\\/\\\/tunibot.com\\\/?s={search_term_string}\"},\"query-input\":{\"@type\":\"PropertyValueSpecification\",\"valueRequired\":true,\"valueName\":\"search_term_string\"}}],\"inLanguage\":\"en-US\"},{\"@type\":\"Organization\",\"@id\":\"https:\\\/\\\/tunibot.com\\\/#organization\",\"name\":\"Tunibot\",\"alternateName\":\"Tunibot\",\"url\":\"https:\\\/\\\/tunibot.com\\\/\",\"logo\":{\"@type\":\"ImageObject\",\"inLanguage\":\"en-US\",\"@id\":\"https:\\\/\\\/tunibot.com\\\/#\\\/schema\\\/logo\\\/image\\\/\",\"url\":\"https:\\\/\\\/tunibot.com\\\/wp-content\\\/uploads\\\/2024\\\/03\\\/cropped-logo-plat.png\",\"contentUrl\":\"https:\\\/\\\/tunibot.com\\\/wp-content\\\/uploads\\\/2024\\\/03\\\/cropped-logo-plat.png\",\"width\":580,\"height\":129,\"caption\":\"Tunibot\"},\"image\":{\"@id\":\"https:\\\/\\\/tunibot.com\\\/#\\\/schema\\\/logo\\\/image\\\/\"},\"sameAs\":[\"https:\\\/\\\/www.facebook.com\\\/1tunibot\",\"https:\\\/\\\/www.linkedin.com\\\/company\\\/tunibot\\\/\"],\"description\":\"Tunibot, leader de l\u2019\u00e9volution industrielle, excelle dans la conception de robots pour divers usages tels que la soudure, l\u2019usinage, le polissage et la palettisation.\",\"email\":\"contact@tunibot.com\",\"telephone\":\"+21697456786\",\"legalName\":\"Tunibot\"}]}<\/script>\n<!-- \/ Yoast SEO Premium plugin. -->","yoast_head_json":{"title":"Machine Sur Mesure | Tunibot","robots":{"index":"index","follow":"follow","max-snippet":"max-snippet:-1","max-image-preview":"max-image-preview:large","max-video-preview":"max-video-preview:-1"},"canonical":"https:\/\/tunibot.com\/en\/machine-sur-mesure\/","og_locale":"en_US","og_type":"article","og_title":"Machine Sur Mesure","og_description":"Excellence Personnalis\u00e9e Solutions Adapt\u00e9es \u00e0 Votre Excellence Op\u00e9rationnelle Optimisez votre production avec nos machines sur mesure, con\u00e7ues pour surpasser vos attentes et propulser votre entreprise vers le succ\u00e8s Adaptabilit\u00e9 optimale Machines con\u00e7ues pour s&rsquo;int\u00e9grer parfaitement, optimisant l&rsquo;espace disponible et facilitant l&rsquo;installation. S\u00e9curit\u00e9 renforc\u00e9e Int\u00e9gration de fonctionnalit\u00e9s de s\u00e9curit\u00e9 suppl\u00e9mentaires pour prot\u00e9ger les op\u00e9rateurs et minimiser\u2026 [&hellip;]","og_url":"https:\/\/tunibot.com\/en\/machine-sur-mesure\/","og_site_name":"Tunibot","article_publisher":"https:\/\/www.facebook.com\/1tunibot","article_modified_time":"2025-01-09T12:41:55+00:00","og_image":[{"width":1600,"height":794,"url":"https:\/\/tunibot.com\/wp-content\/uploads\/2023\/08\/home-banner-bg-image.jpg","type":"image\/jpeg"}],"twitter_card":"summary_large_image","twitter_misc":{"Est. reading time":"2 minutes"},"schema":{"@context":"https:\/\/schema.org","@graph":[{"@type":"WebPage","@id":"https:\/\/tunibot.com\/machine-sur-mesure\/","url":"https:\/\/tunibot.com\/machine-sur-mesure\/","name":"Machine Sur Mesure | Tunibot","isPartOf":{"@id":"https:\/\/tunibot.com\/#website"},"primaryImageOfPage":{"@id":"https:\/\/tunibot.com\/machine-sur-mesure\/#primaryimage"},"image":{"@id":"https:\/\/tunibot.com\/machine-sur-mesure\/#primaryimage"},"thumbnailUrl":"https:\/\/tunibot.com\/wp-content\/uploads\/2023\/08\/home-banner-bg-image.jpg","datePublished":"2024-03-13T07:52:49+00:00","dateModified":"2025-01-09T12:41:55+00:00","breadcrumb":{"@id":"https:\/\/tunibot.com\/machine-sur-mesure\/#breadcrumb"},"inLanguage":"en-US","potentialAction":[{"@type":"ReadAction","target":["https:\/\/tunibot.com\/machine-sur-mesure\/"]}]},{"@type":"ImageObject","inLanguage":"en-US","@id":"https:\/\/tunibot.com\/machine-sur-mesure\/#primaryimage","url":"https:\/\/tunibot.com\/wp-content\/uploads\/2023\/08\/home-banner-bg-image.jpg","contentUrl":"https:\/\/tunibot.com\/wp-content\/uploads\/2023\/08\/home-banner-bg-image.jpg","width":1600,"height":794},{"@type":"BreadcrumbList","@id":"https:\/\/tunibot.com\/machine-sur-mesure\/#breadcrumb","itemListElement":[{"@type":"ListItem","position":1,"name":"Home","item":"https:\/\/tunibot.com\/"},{"@type":"ListItem","position":2,"name":"Machine Sur Mesure"}]},{"@type":"WebSite","@id":"https:\/\/tunibot.com\/#website","url":"https:\/\/tunibot.com\/","name":"Tunibot","description":"Industrial Tunisian Robots","publisher":{"@id":"https:\/\/tunibot.com\/#organization"},"alternateName":"Tunibot","potentialAction":[{"@type":"SearchAction","target":{"@type":"EntryPoint","urlTemplate":"https:\/\/tunibot.com\/?s={search_term_string}"},"query-input":{"@type":"PropertyValueSpecification","valueRequired":true,"valueName":"search_term_string"}}],"inLanguage":"en-US"},{"@type":"Organization","@id":"https:\/\/tunibot.com\/#organization","name":"Tunibot","alternateName":"Tunibot","url":"https:\/\/tunibot.com\/","logo":{"@type":"ImageObject","inLanguage":"en-US","@id":"https:\/\/tunibot.com\/#\/schema\/logo\/image\/","url":"https:\/\/tunibot.com\/wp-content\/uploads\/2024\/03\/cropped-logo-plat.png","contentUrl":"https:\/\/tunibot.com\/wp-content\/uploads\/2024\/03\/cropped-logo-plat.png","width":580,"height":129,"caption":"Tunibot"},"image":{"@id":"https:\/\/tunibot.com\/#\/schema\/logo\/image\/"},"sameAs":["https:\/\/www.facebook.com\/1tunibot","https:\/\/www.linkedin.com\/company\/tunibot\/"],"description":"Tunibot, leader de l\u2019\u00e9volution industrielle, excelle dans la conception de robots pour divers usages tels que la soudure, l\u2019usinage, le polissage et la palettisation.","email":"contact@tunibot.com","telephone":"+21697456786","legalName":"Tunibot"}]}},"_links":{"self":[{"href":"https:\/\/tunibot.com\/en\/wp-json\/wp\/v2\/pages\/26509","targetHints":{"allow":["GET"]}}],"collection":[{"href":"https:\/\/tunibot.com\/en\/wp-json\/wp\/v2\/pages"}],"about":[{"href":"https:\/\/tunibot.com\/en\/wp-json\/wp\/v2\/types\/page"}],"author":[{"embeddable":true,"href":"https:\/\/tunibot.com\/en\/wp-json\/wp\/v2\/users\/38"}],"replies":[{"embeddable":true,"href":"https:\/\/tunibot.com\/en\/wp-json\/wp\/v2\/comments?post=26509"}],"version-history":[{"count":0,"href":"https:\/\/tunibot.com\/en\/wp-json\/wp\/v2\/pages\/26509\/revisions"}],"wp:featuredmedia":[{"embeddable":true,"href":"https:\/\/tunibot.com\/en\/wp-json\/wp\/v2\/media\/13272"}],"wp:attachment":[{"href":"https:\/\/tunibot.com\/en\/wp-json\/wp\/v2\/media?parent=26509"}],"curies":[{"name":"wp","href":"https:\/\/api.w.org\/{rel}","templated":true}]}}